{"id":2,"date":"2025-12-15T21:14:54","date_gmt":"2025-12-15T21:14:54","guid":{"rendered":"https:\/\/www.centraldasloterias.com.br\/resultado\/?page_id=2"},"modified":"2026-01-27T00:29:34","modified_gmt":"2026-01-27T00:29:34","slug":"contato","status":"publish","type":"page","link":"https:\/\/www.centraldasloterias.com.br\/resultado\/contato\/","title":{"rendered":"Contato"},"content":{"rendered":"<p data-start=\"3406\" data-end=\"3501\">Se voc\u00ea deseja entrar em contato com o <strong data-start=\"3445\" data-end=\"3469\">Central das Loterias<\/strong>, utilize uma das op\u00e7\u00f5es abaixo.<\/p>\n<p data-start=\"3506\" data-end=\"3556\">\ud83d\udce7 <strong data-start=\"3509\" data-end=\"3520\">E-mail:<\/strong> <a class=\"decorated-link cursor-pointer\" rel=\"noopener\" data-start=\"3521\" data-end=\"3554\">contato@centraldasloterias.com.br<\/a><\/p>\n<p data-start=\"3561\" data-end=\"3637\">Voc\u00ea pode nos enviar d\u00favidas, sugest\u00f5es, corre\u00e7\u00f5es ou propostas de parceria.<\/p>\n<p data-start=\"3642\" data-end=\"3752\">Nosso objetivo \u00e9 responder o mais r\u00e1pido poss\u00edvel e melhorar continuamente a experi\u00eancia dos usu\u00e1rios do site.<\/p>\n<p data-start=\"3757\" data-end=\"3871\"><strong data-start=\"3757\" data-end=\"3772\">Importante:<\/strong> N\u00e3o fornecemos n\u00fameros premiados, garantias de ganhos ou qualquer tipo de assessoria para apostas.<\/p>\n","protected":false},"excerpt":{"rendered":"<p>Se voc\u00ea deseja entrar em contato com o Central das Loterias, utilize uma das op\u00e7\u00f5es abaixo. \ud83d\udce7 E-mail: contato@centraldasloterias.com.br Voc\u00ea pode nos enviar d\u00favidas, sugest\u00f5es, corre\u00e7\u00f5es ou propostas de parceria. Nosso objetivo \u00e9 responder o mais r\u00e1pido poss\u00edvel e melhorar continuamente a experi\u00eancia dos usu\u00e1rios do site. Importante: N\u00e3o fornecemos n\u00fameros premiados, garantias de ganhos &#8230; <a title=\"Contato\" class=\"read-more\" href=\"https:\/\/www.centraldasloterias.com.br\/resultado\/contato\/\" aria-label=\"Read more about Contato\">Ler mais<\/a><\/p>\n","protected":false},"author":1,"featured_media":0,"parent":0,"menu_order":0,"comment_status":"closed","ping_status":"open","template":"","meta":{"footnotes":""},"class_list":["post-2","page","type-page","status-publish"],"_links":{"self":[{"href":"https:\/\/www.centraldasloterias.com.br\/resultado\/wp-json\/wp\/v2\/pages\/2","targetHints":{"allow":["GET"]}}],"collection":[{"href":"https:\/\/www.centraldasloterias.com.br\/resultado\/wp-json\/wp\/v2\/pages"}],"about":[{"href":"https:\/\/www.centraldasloterias.com.br\/resultado\/wp-json\/wp\/v2\/types\/page"}],"author":[{"embeddable":true,"href":"https:\/\/www.centraldasloterias.com.br\/resultado\/wp-json\/wp\/v2\/users\/1"}],"replies":[{"embeddable":true,"href":"https:\/\/www.centraldasloterias.com.br\/resultado\/wp-json\/wp\/v2\/comments?post=2"}],"version-history":[{"count":3,"href":"https:\/\/www.centraldasloterias.com.br\/resultado\/wp-json\/wp\/v2\/pages\/2\/revisions"}],"predecessor-version":[{"id":202,"href":"https:\/\/www.centraldasloterias.com.br\/resultado\/wp-json\/wp\/v2\/pages\/2\/revisions\/202"}],"wp:attachment":[{"href":"https:\/\/www.centraldasloterias.com.br\/resultado\/wp-json\/wp\/v2\/media?parent=2"}],"curies":[{"name":"wp","href":"https:\/\/api.w.org\/{rel}","templated":true}]}}