{"id":198,"date":"2026-01-27T00:29:03","date_gmt":"2026-01-27T00:29:03","guid":{"rendered":"https:\/\/www.centraldasloterias.com.br\/resultado\/?page_id=198"},"modified":"2026-01-27T00:29:03","modified_gmt":"2026-01-27T00:29:03","slug":"politica-de-privacidade","status":"publish","type":"page","link":"https:\/\/www.centraldasloterias.com.br\/resultado\/politica-de-privacidade\/","title":{"rendered":"Pol\u00edtica de Privacidade"},"content":{"rendered":"<blockquote data-start=\"436\" data-end=\"2357\">\n<p data-start=\"438\" data-end=\"655\">A sua privacidade \u00e9 importante para n\u00f3s. \u00c9 pol\u00edtica do site <strong data-start=\"498\" data-end=\"522\">Central das Loterias<\/strong> respeitar a sua privacidade em rela\u00e7\u00e3o a qualquer informa\u00e7\u00e3o sua que possamos coletar no site <a class=\"decorated-link\" href=\"https:\/\/www.centraldasloterias.com.br\/resultado\" target=\"_new\" rel=\"noopener\" data-start=\"617\" data-end=\"654\">https:\/\/www.centraldasloterias.com.br<\/a>.<\/p>\n<p data-start=\"660\" data-end=\"868\">Coletamos informa\u00e7\u00f5es pessoais apenas quando realmente necess\u00e1rio para fornecer um servi\u00e7o ou melhorar a experi\u00eancia do usu\u00e1rio. Fazemos isso por meios justos e legais, com o seu conhecimento e consentimento.<\/p>\n<h3 data-start=\"873\" data-end=\"891\">Uso de Cookies<\/h3>\n<p data-start=\"896\" data-end=\"1065\">Utilizamos cookies para armazenar informa\u00e7\u00f5es, como as prefer\u00eancias pessoais dos visitantes. Isso \u00e9 feito para melhorar a experi\u00eancia do usu\u00e1rio ao visitar o nosso site.<\/p>\n<p data-start=\"1070\" data-end=\"1254\">O Google, como fornecedor terceirizado, utiliza cookies (incluindo o cookie DoubleClick) para exibir an\u00fancios aos usu\u00e1rios com base em suas visitas a este e a outros sites na internet.<\/p>\n<p data-start=\"1259\" data-end=\"1364\">Os usu\u00e1rios podem desativar o uso do cookie DoubleClick acessando as configura\u00e7\u00f5es de an\u00fancios do Google.<\/p>\n<h3 data-start=\"1369\" data-end=\"1387\">Google AdSense<\/h3>\n<p data-start=\"1392\" data-end=\"1557\">Este site utiliza o servi\u00e7o Google AdSense para exibir an\u00fancios. O Google AdSense usa cookies e tecnologias semelhantes para exibir an\u00fancios relevantes aos usu\u00e1rios.<\/p>\n<p data-start=\"1562\" data-end=\"1696\">O uso do cookie DART permite ao Google exibir an\u00fancios com base nas visitas anteriores do usu\u00e1rio a este e a outros sites na Internet.<\/p>\n<h3 data-start=\"1701\" data-end=\"1730\">Links para sites externos<\/h3>\n<p data-start=\"1735\" data-end=\"1975\">O <strong data-start=\"1737\" data-end=\"1761\">Central das Loterias<\/strong> pode conter links para sites externos que n\u00e3o s\u00e3o operados por n\u00f3s. N\u00e3o temos controle sobre o conte\u00fado e pr\u00e1ticas desses sites e n\u00e3o podemos aceitar responsabilidade por suas respectivas pol\u00edticas de privacidade.<\/p>\n<h3 data-start=\"1980\" data-end=\"2006\">Compromisso do Usu\u00e1rio<\/h3>\n<p data-start=\"2011\" data-end=\"2147\">O usu\u00e1rio se compromete a fazer uso adequado dos conte\u00fados e das informa\u00e7\u00f5es que o Central das Loterias oferece no site, abstendo-se de:<\/p>\n<ul data-start=\"2152\" data-end=\"2307\">\n<li data-start=\"2152\" data-end=\"2205\">\n<p data-start=\"2154\" data-end=\"2205\">Praticar atividades ilegais ou contr\u00e1rias \u00e0 boa f\u00e9;<\/p>\n<\/li>\n<li data-start=\"2208\" data-end=\"2248\">\n<p data-start=\"2210\" data-end=\"2248\">Difundir conte\u00fado ofensivo ou il\u00edcito;<\/p>\n<\/li>\n<li data-start=\"2251\" data-end=\"2305\">\n<p data-start=\"2253\" data-end=\"2305\">Causar danos aos sistemas f\u00edsicos e l\u00f3gicos do site.<\/p>\n<\/li>\n<\/ul>\n<p data-start=\"2310\" data-end=\"2357\">Esta pol\u00edtica \u00e9 efetiva a partir de <strong data-start=\"2346\" data-end=\"2356\">26.01.2026<\/strong>.<\/p>\n<\/blockquote>\n<hr data-start=\"2359\" data-end=\"2362\" \/>\n<blockquote data-start=\"2451\" data-end=\"3316\">\n<p data-start=\"3214\" data-end=\"3316\">\n<\/blockquote>\n","protected":false},"excerpt":{"rendered":"<p>A sua privacidade \u00e9 importante para n\u00f3s. \u00c9 pol\u00edtica do site Central das Loterias respeitar a sua privacidade em rela\u00e7\u00e3o a qualquer informa\u00e7\u00e3o sua que possamos coletar no site https:\/\/www.centraldasloterias.com.br. Coletamos informa\u00e7\u00f5es pessoais apenas quando realmente necess\u00e1rio para fornecer um servi\u00e7o ou melhorar a experi\u00eancia do usu\u00e1rio. Fazemos isso por meios justos e legais, com &#8230; <a title=\"Pol\u00edtica de Privacidade\" class=\"read-more\" href=\"https:\/\/www.centraldasloterias.com.br\/resultado\/politica-de-privacidade\/\" aria-label=\"Read more about Pol\u00edtica de Privacidade\">Ler mais<\/a><\/p>\n","protected":false},"author":1,"featured_media":0,"parent":0,"menu_order":0,"comment_status":"closed","ping_status":"closed","template":"","meta":{"footnotes":""},"class_list":["post-198","page","type-page","status-publish"],"_links":{"self":[{"href":"https:\/\/www.centraldasloterias.com.br\/resultado\/wp-json\/wp\/v2\/pages\/198","targetHints":{"allow":["GET"]}}],"collection":[{"href":"https:\/\/www.centraldasloterias.com.br\/resultado\/wp-json\/wp\/v2\/pages"}],"about":[{"href":"https:\/\/www.centraldasloterias.com.br\/resultado\/wp-json\/wp\/v2\/types\/page"}],"author":[{"embeddable":true,"href":"https:\/\/www.centraldasloterias.com.br\/resultado\/wp-json\/wp\/v2\/users\/1"}],"replies":[{"embeddable":true,"href":"https:\/\/www.centraldasloterias.com.br\/resultado\/wp-json\/wp\/v2\/comments?post=198"}],"version-history":[{"count":1,"href":"https:\/\/www.centraldasloterias.com.br\/resultado\/wp-json\/wp\/v2\/pages\/198\/revisions"}],"predecessor-version":[{"id":200,"href":"https:\/\/www.centraldasloterias.com.br\/resultado\/wp-json\/wp\/v2\/pages\/198\/revisions\/200"}],"wp:attachment":[{"href":"https:\/\/www.centraldasloterias.com.br\/resultado\/wp-json\/wp\/v2\/media?parent=198"}],"curies":[{"name":"wp","href":"https:\/\/api.w.org\/{rel}","templated":true}]}}